{"id":2,"date":"2016-01-01T15:09:49","date_gmt":"2016-01-01T14:09:49","guid":{"rendered":"http:\/\/lerch-prock.de\/?page_id=2"},"modified":"2024-12-03T21:22:23","modified_gmt":"2024-12-03T20:22:23","slug":"beispiel-seite","status":"publish","type":"page","link":"https:\/\/lerch-prock.de\/","title":{"rendered":"Kanzlei"},"content":{"rendered":"<h3 style=\"text-align: center;\"><\/h3>\n<h6>Herzlich Willkommen in der B\u00fcrogemeinschaft der Steuerkanzleien von <strong><a href=\"https:\/\/lerch-prock.de\/?page_id=37\">Juliane Lerch <\/a><\/strong>und <strong><a href=\"https:\/\/lerch-prock.de\/?page_id=39\">Gudrun&nbsp;Prock<\/a><\/strong>.<\/h6>\n<figure id=\"attachment_129\" aria-describedby=\"caption-attachment-129\" style=\"width: 334px\" class=\"wp-caption alignright\"><img loading=\"lazy\" class=\"wp-image-129\" src=\"https:\/\/lerch-prock.de\/wp-content\/uploads\/2016\/01\/Lerch-Prock-300x199.jpg\" alt=\"Juliane Lerch und Gudrun Prock\" width=\"334\" height=\"222\"><figcaption id=\"caption-attachment-129\" class=\"wp-caption-text\">Juliane Lerch und Gudrun Prock<\/figcaption><\/figure>\n<p>Mittlerweile k\u00f6nnen wir&nbsp;beide, auf mehr als 20 Jahre Berufserfahrung als Steuerberater zur\u00fcckgreifen.&nbsp;Wir verf\u00fcgen \u00fcber&nbsp;ausreichend Erfahrung, die f\u00fcr eine kompetente und vertrauensvolle Beratung erforderlich ist.<\/p>\n<p>Unser Angebot umfasst die&nbsp;<strong><a href=\"https:\/\/lerch-prock.de\/?page_id=55\">Steuerberatung <\/a><\/strong>und das Anfertigen von <strong><a href=\"https:\/\/lerch-prock.de\/?page_id=59\">Steuererkl\u00e4rungen&nbsp;<\/a><\/strong>f\u00fcr den <strong><a href=\"https:\/\/lerch-prock.de\/?page_id=57\">gesch\u00e4ftlichen <\/a><\/strong>und <strong><a href=\"https:\/\/lerch-prock.de\/?page_id=59\">privaten<\/a><\/strong>&nbsp;Bereich. Wir verfassen Ihren Jahresabschluss nach den gesetzlichen Vorschriften.<\/p>\n<p>Die Gesetzgebung ist fortlaufenden \u00c4nderungen unterworfen. F\u00fcr Sie als Unternehmer\/in bedeutet das einen st\u00e4ndigen Wandel von betriebswirtschaftlichen&nbsp;<span style=\"line-height: 1.62em;\">Vorschriften und steuerrechtlichen Voraussetzungen.&nbsp;<\/span><\/p>\n<p>Wir sind ein starker Partner auf den Sie sich jederzeit verlassen k\u00f6nnen. Gemeinsam mit Ihnen sorgen wir f\u00fcr einen runden Ablauf ihrer Gesch\u00e4fte.<\/p>\n<p>Wir verwenden die Steuer- und Buchhaltungssoftware von<strong> <a href=\"https:\/\/www.datev.de\/web\/de\/startseite\/startseite-n\/\" target=\"_blank\" rel=\"noopener noreferrer\">DATEV<\/a><\/strong>. Diese Zusammenarbeit garantiert den aktuellsten Stand der gesetzlichen Richtlinien und Vorschriften. Mit unserem Leistungsspektrum unterst\u00fctzen wir Sie umfassend. Dadurch werden administrative Abl\u00e4ufe optimiert und Sie k\u00f6nnen sich auf die Kernaufgaben Ihres Unternehmens konzentrieren.<\/p>\n<p>Seit 2009 f\u00fchren wir unsere Kanzleien als B\u00fcrogemeinschaft. Unsere gemeinsame&nbsp;<strong><a href=\"https:\/\/www.google.de\/maps\/place\/Lerch+%26+Prock\/@49.0176571,12.064772,16.75z\/data=!4m2!3m1!1s0x410b8e20da21d98b:0x3e666978577e2cde\" target=\"_blank\" rel=\"noopener noreferrer\">Kanzlei (Routenplaner)<\/a> <\/strong>befindet sich in der Hermann-K\u00f6hl-Str. 10, im Westen von Regensburg mit ausreichend Parkpl\u00e4tzen vor der T\u00fcr. Mit&nbsp;<strong>\u00f6ffentlichen Verkehrsmittel (Fahrplanauskunft)<\/strong>&nbsp;sind wir ebenfalls sehr gut&nbsp;erreichbar.<\/p>\n\n<table id=\"tablepress-11\" class=\"tablepress tablepress-id-11\">\n<tbody>\n<tr class=\"row-1\">\n\t<td class=\"column-1\">Flyer: <br \/>\nLerch &amp; Prock<br \/>\n<br \/>\n<a href=\"https:\/\/lerch-prock.de\/?media_dl=15\">Download Flyer<\/a><br \/>\n<br \/>\n<\/td><td class=\"column-2\"><a href=\"http:\/\/lerch-prock.de\/?page_id=195\"><img src=\"http:\/\/lerch-prock.de\/wp-content\/uploads\/2016\/01\/Flyer-LerchProck-143x300.png\" alt=\"Flyer Lerch&amp;Prock\" width=\"143\" height=\"300\" class=\"alignnone size-medium wp-image-178\" \/><\/a><br \/>\n<\/td><td class=\"column-3\"><\/td>\n<\/tr>\n<\/tbody>\n<\/table>\n<!-- #tablepress-11 from cache -->\n","protected":false},"excerpt":{"rendered":"<p>Herzlich Willkommen in der B\u00fcrogemeinschaft der Steuerkanzleien von Juliane Lerch und Gudrun&nbsp;Prock. Mittlerweile k\u00f6nnen wir&nbsp;beide, auf mehr als 20 Jahre Berufserfahrung als Steuerberater zur\u00fcckgreifen.&nbsp;Wir verf\u00fcgen \u00fcber&nbsp;ausreichend Erfahrung, die f\u00fcr eine kompetente und vertrauensvolle Beratung erforderlich ist. Unser Angebot umfasst die&nbsp;Steuerberatung&hellip;<\/p>\n","protected":false},"author":2,"featured_media":0,"parent":0,"menu_order":0,"comment_status":"closed","ping_status":"open","template":"","meta":[],"_links":{"self":[{"href":"https:\/\/lerch-prock.de\/index.php?rest_route=\/wp\/v2\/pages\/2"}],"collection":[{"href":"https:\/\/lerch-prock.de\/index.php?rest_route=\/wp\/v2\/pages"}],"about":[{"href":"https:\/\/lerch-prock.de\/index.php?rest_route=\/wp\/v2\/types\/page"}],"author":[{"embeddable":true,"href":"https:\/\/lerch-prock.de\/index.php?rest_route=\/wp\/v2\/users\/2"}],"replies":[{"embeddable":true,"href":"https:\/\/lerch-prock.de\/index.php?rest_route=%2Fwp%2Fv2%2Fcomments&post=2"}],"version-history":[{"count":43,"href":"https:\/\/lerch-prock.de\/index.php?rest_route=\/wp\/v2\/pages\/2\/revisions"}],"predecessor-version":[{"id":476,"href":"https:\/\/lerch-prock.de\/index.php?rest_route=\/wp\/v2\/pages\/2\/revisions\/476"}],"wp:attachment":[{"href":"https:\/\/lerch-prock.de\/index.php?rest_route=%2Fwp%2Fv2%2Fmedia&parent=2"}],"curies":[{"name":"wp","href":"https:\/\/api.w.org\/{rel}","templated":true}]}}